{"id":141,"date":"2022-09-19T16:07:07","date_gmt":"2022-09-19T16:07:07","guid":{"rendered":"https:\/\/sataosaajat.fi\/?page_id=141"},"modified":"2024-04-12T05:27:26","modified_gmt":"2024-04-12T05:27:26","slug":"tulkkaus-ja-kaannostyot","status":"publish","type":"page","link":"https:\/\/sataosaajat.fi\/?page_id=141","title":{"rendered":"Tulkkaus ja k\u00e4\u00e4nn\u00f6sty\u00f6t"},"content":{"rendered":"<p><div class=\"fusion-fullwidth fullwidth-box fusion-builder-row-1 fusion-flex-container has-pattern-background has-mask-background nonhundred-percent-fullwidth non-hundred-percent-height-scrolling\" style=\"--awb-border-radius-top-left:0px;--awb-border-radius-top-right:0px;--awb-border-radius-bottom-right:0px;--awb-border-radius-bottom-left:0px;--awb-background-color:var(--awb-color4);--awb-flex-wrap:wrap;\" ><div class=\"fusion-builder-row fusion-row fusion-flex-align-items-flex-start fusion-flex-content-wrap\" style=\"max-width:1248px;margin-left: calc(-4% \/ 2 );margin-right: calc(-4% \/ 2 );\"><div class=\"fusion-layout-column fusion_builder_column fusion-builder-column-0 fusion_builder_column_1_1 1_1 fusion-flex-column\" style=\"--awb-bg-size:cover;--awb-width-large:100%;--awb-margin-top-large:6%;--awb-spacing-right-large:1.92%;--awb-margin-bottom-large:6%;--awb-spacing-left-large:1.92%;--awb-width-medium:100%;--awb-order-medium:0;--awb-spacing-right-medium:1.92%;--awb-spacing-left-medium:1.92%;--awb-width-small:100%;--awb-order-small:0;--awb-spacing-right-small:1.92%;--awb-spacing-left-small:1.92%;\"><div class=\"fusion-column-wrapper fusion-column-has-shadow fusion-flex-justify-content-center fusion-content-layout-column\"><div class=\"fusion-text fusion-text-1\"><h4 style=\"text-align: center;\"><strong>Sataosaajat &#8211; Tulkkaus ja k\u00e4\u00e4nn\u00f6sty\u00f6t<br \/>\n<\/strong><\/h4>\n<\/div><\/div><\/div><\/div><\/div><div class=\"fusion-fullwidth fullwidth-box fusion-builder-row-2 fusion-flex-container has-pattern-background has-mask-background nonhundred-percent-fullwidth non-hundred-percent-height-scrolling\" style=\"--awb-border-radius-top-left:0px;--awb-border-radius-top-right:0px;--awb-border-radius-bottom-right:0px;--awb-border-radius-bottom-left:0px;--awb-margin-top:3%;--awb-flex-wrap:wrap;\" ><div class=\"fusion-builder-row fusion-row fusion-flex-align-items-flex-start fusion-flex-content-wrap\" style=\"max-width:1248px;margin-left: calc(-4% \/ 2 );margin-right: calc(-4% \/ 2 );\"><div class=\"fusion-layout-column fusion_builder_column fusion-builder-column-1 fusion_builder_column_3_5 3_5 fusion-flex-column\" style=\"--awb-bg-size:cover;--awb-width-large:60%;--awb-margin-top-large:0px;--awb-spacing-right-large:3.2%;--awb-margin-bottom-large:20px;--awb-spacing-left-large:3.2%;--awb-width-medium:60%;--awb-order-medium:0;--awb-spacing-right-medium:3.2%;--awb-spacing-left-medium:3.2%;--awb-width-small:100%;--awb-order-small:0;--awb-spacing-right-small:1.92%;--awb-spacing-left-small:1.92%;\"><div class=\"fusion-column-wrapper fusion-column-has-shadow fusion-flex-justify-content-flex-start fusion-content-layout-column\"><div class=\"fusion-text fusion-text-2\"><h4>Carmen Legido Fuente<\/h4>\n<ul>\n<li>Asioimistulkki<\/li>\n<li>Auktorisoitu k\u00e4\u00e4nt\u00e4j\u00e4 (suomi-espanja)<\/li>\n<\/ul>\n<p>Ty\u00f6kieleni ovat suomi ja espanja. Olen tottunut tekem\u00e4\u00e4n k\u00e4\u00e4nn\u00f6ksi\u00e4 kaikista aiheista, vaikka viihdyn erityisesti l\u00e4\u00e4ketieteen, lain ja hallinnon tekstien parissa. My\u00f6s asioimistulkkauksessa (puhelimitse tai paikan p\u00e4\u00e4ll\u00e4), kokemusta on kertynyt jo kaikenlaisissa tilanteissa, my\u00f6s oikeustulkkauksissa.<\/p>\n<p>Olen Suomen k\u00e4\u00e4nt\u00e4jien ja tulkkien liiton j\u00e4sen.<\/p>\n<div>\n<hr \/>\n<\/div>\n<ul>\n<li>Traductora autorizada de fin\u00e9s<\/li>\n<li>Int\u00e9rprete en administraciones p\u00fablicas<\/li>\n<\/ul>\n<p>Mis lenguas de trabajo son fin\u00e9s y espa\u00f1ol. Estoy acostumbrada a traducir textos de todo tipo de temas, si bien los textos m\u00e9dicos, legales y administrativos me interesan especialmente. Como int\u00e9rprete en administraciones p\u00fablicas, he ido tambi\u00e9n acumulando experiencia en todo tipo de situaciones, incluida la interpretaci\u00f3n jur\u00eddica, tanto interpretando por tel\u00e9fono como presencialmente.<\/p>\n<p>Soy miembro de la Asociaci\u00f3n de Traductores e Int\u00e9rpretes de Finlandia.<\/p>\n<ul>\n<li><a href=\"mailto:carmen.legido@sataosaajat.fi\">carmen.legido@sataosaajat.fi<\/a><\/li>\n<li>+358 44 281 0602<\/li>\n<\/ul>\n<\/div><div ><a class=\"fusion-button button-flat fusion-button-default-size button-default fusion-button-default button-1 fusion-button-default-span fusion-button-default-type\" target=\"_self\" href=\"mailto:carmen.legido@sataosaajat.fi\"><span class=\"fusion-button-text awb-button__text awb-button__text--default\">Ota yhteytt\u00e4<\/span><\/a><\/div><\/div><\/div><div class=\"fusion-layout-column fusion_builder_column fusion-builder-column-2 fusion_builder_column_2_5 2_5 fusion-flex-column\" style=\"--awb-bg-size:cover;--awb-width-large:40%;--awb-margin-top-large:0px;--awb-spacing-right-large:4.8%;--awb-margin-bottom-large:0px;--awb-spacing-left-large:4.8%;--awb-width-medium:40%;--awb-order-medium:0;--awb-spacing-right-medium:4.8%;--awb-spacing-left-medium:4.8%;--awb-width-small:100%;--awb-order-small:0;--awb-spacing-right-small:1.92%;--awb-spacing-left-small:1.92%;\"><div class=\"fusion-column-wrapper fusion-column-has-shadow fusion-flex-justify-content-flex-start fusion-content-layout-column\"><div class=\"fusion-image-element \" style=\"--awb-caption-title-font-family:var(--h2_typography-font-family);--awb-caption-title-font-weight:var(--h2_typography-font-weight);--awb-caption-title-font-style:var(--h2_typography-font-style);--awb-caption-title-size:var(--h2_typography-font-size);--awb-caption-title-transform:var(--h2_typography-text-transform);--awb-caption-title-line-height:var(--h2_typography-line-height);--awb-caption-title-letter-spacing:var(--h2_typography-letter-spacing);\"><span class=\" fusion-imageframe imageframe-none imageframe-1 hover-type-none\"><img decoding=\"async\" width=\"437\" height=\"600\" title=\"Carmen\" src=\"https:\/\/sataosaajat.fi\/wp-content\/uploads\/2022\/09\/Carmen.jpg\" alt class=\"img-responsive wp-image-144\" srcset=\"https:\/\/sataosaajat.fi\/wp-content\/uploads\/2022\/09\/Carmen-200x275.jpg 200w, https:\/\/sataosaajat.fi\/wp-content\/uploads\/2022\/09\/Carmen-400x549.jpg 400w, https:\/\/sataosaajat.fi\/wp-content\/uploads\/2022\/09\/Carmen.jpg 437w\" sizes=\"(max-width: 640px) 100vw, 437px\" \/><\/span><\/div><\/div><\/div><\/div><\/div><div class=\"fusion-fullwidth fullwidth-box fusion-builder-row-3 fusion-flex-container has-pattern-background has-mask-background nonhundred-percent-fullwidth non-hundred-percent-height-scrolling\" style=\"--awb-border-radius-top-left:0px;--awb-border-radius-top-right:0px;--awb-border-radius-bottom-right:0px;--awb-border-radius-bottom-left:0px;--awb-flex-wrap:wrap;\" ><div class=\"fusion-builder-row fusion-row fusion-flex-align-items-flex-start fusion-flex-content-wrap\" style=\"max-width:1248px;margin-left: calc(-4% \/ 2 );margin-right: calc(-4% \/ 2 );\"><div class=\"fusion-layout-column fusion_builder_column fusion-builder-column-3 fusion_builder_column_1_1 1_1 fusion-flex-column\" style=\"--awb-bg-size:cover;--awb-width-large:100%;--awb-margin-top-large:0px;--awb-spacing-right-large:1.92%;--awb-margin-bottom-large:20px;--awb-spacing-left-large:1.92%;--awb-width-medium:100%;--awb-order-medium:0;--awb-spacing-right-medium:1.92%;--awb-spacing-left-medium:1.92%;--awb-width-small:100%;--awb-order-small:0;--awb-spacing-right-small:1.92%;--awb-spacing-left-small:1.92%;\"><div class=\"fusion-column-wrapper fusion-column-has-shadow fusion-flex-justify-content-flex-start fusion-content-layout-column\"><div class=\"fusion-separator fusion-full-width-sep\" style=\"align-self: center;margin-left: auto;margin-right: auto;margin-top:0px;margin-bottom:0px;width:100%;\"><div class=\"fusion-separator-border sep-single sep-solid\" style=\"--awb-height:20px;--awb-amount:20px;border-color:var(--awb-color3);border-top-width:2px;\"><\/div><\/div><\/div><\/div><\/div><\/div><\/p>\n","protected":false},"excerpt":{"rendered":"","protected":false},"author":1,"featured_media":0,"parent":0,"menu_order":0,"comment_status":"closed","ping_status":"closed","template":"100-width.php","meta":{"footnotes":""},"class_list":["post-141","page","type-page","status-publish","hentry"],"_links":{"self":[{"href":"https:\/\/sataosaajat.fi\/index.php?rest_route=\/wp\/v2\/pages\/141","targetHints":{"allow":["GET"]}}],"collection":[{"href":"https:\/\/sataosaajat.fi\/index.php?rest_route=\/wp\/v2\/pages"}],"about":[{"href":"https:\/\/sataosaajat.fi\/index.php?rest_route=\/wp\/v2\/types\/page"}],"author":[{"embeddable":true,"href":"https:\/\/sataosaajat.fi\/index.php?rest_route=\/wp\/v2\/users\/1"}],"replies":[{"embeddable":true,"href":"https:\/\/sataosaajat.fi\/index.php?rest_route=%2Fwp%2Fv2%2Fcomments&post=141"}],"version-history":[{"count":13,"href":"https:\/\/sataosaajat.fi\/index.php?rest_route=\/wp\/v2\/pages\/141\/revisions"}],"predecessor-version":[{"id":293,"href":"https:\/\/sataosaajat.fi\/index.php?rest_route=\/wp\/v2\/pages\/141\/revisions\/293"}],"wp:attachment":[{"href":"https:\/\/sataosaajat.fi\/index.php?rest_route=%2Fwp%2Fv2%2Fmedia&parent=141"}],"curies":[{"name":"wp","href":"https:\/\/api.w.org\/{rel}","templated":true}]}}