{"id":186,"date":"2022-09-19T17:15:01","date_gmt":"2022-09-19T17:15:01","guid":{"rendered":"https:\/\/sataosaajat.fi\/?page_id=186"},"modified":"2022-10-25T06:25:15","modified_gmt":"2022-10-25T06:25:15","slug":"puutarhatyot","status":"publish","type":"page","link":"https:\/\/sataosaajat.fi\/?page_id=186","title":{"rendered":"Puutarhatyot"},"content":{"rendered":"<p><div class=\"fusion-fullwidth fullwidth-box fusion-builder-row-1 fusion-flex-container has-pattern-background has-mask-background nonhundred-percent-fullwidth non-hundred-percent-height-scrolling\" style=\"--awb-border-radius-top-left:0px;--awb-border-radius-top-right:0px;--awb-border-radius-bottom-right:0px;--awb-border-radius-bottom-left:0px;--awb-background-color:var(--awb-color4);--awb-flex-wrap:wrap;\" ><div class=\"fusion-builder-row fusion-row fusion-flex-align-items-flex-start fusion-flex-content-wrap\" style=\"max-width:1248px;margin-left: calc(-4% \/ 2 );margin-right: calc(-4% \/ 2 );\"><div class=\"fusion-layout-column fusion_builder_column fusion-builder-column-0 fusion_builder_column_1_1 1_1 fusion-flex-column\" style=\"--awb-bg-size:cover;--awb-width-large:100%;--awb-margin-top-large:6%;--awb-spacing-right-large:1.92%;--awb-margin-bottom-large:6%;--awb-spacing-left-large:1.92%;--awb-width-medium:100%;--awb-order-medium:0;--awb-spacing-right-medium:1.92%;--awb-spacing-left-medium:1.92%;--awb-width-small:100%;--awb-order-small:0;--awb-spacing-right-small:1.92%;--awb-spacing-left-small:1.92%;\"><div class=\"fusion-column-wrapper fusion-column-has-shadow fusion-flex-justify-content-center fusion-content-layout-column\"><div class=\"fusion-text fusion-text-1\"><h4 style=\"text-align: center;\"><strong>Sataosaajat &#8211; Puutarhaty\u00f6t<br \/>\n<\/strong><\/h4>\n<\/div><\/div><\/div><\/div><\/div><div class=\"fusion-fullwidth fullwidth-box fusion-builder-row-2 fusion-flex-container has-pattern-background has-mask-background nonhundred-percent-fullwidth non-hundred-percent-height-scrolling\" style=\"--awb-border-radius-top-left:0px;--awb-border-radius-top-right:0px;--awb-border-radius-bottom-right:0px;--awb-border-radius-bottom-left:0px;--awb-margin-top:3%;--awb-flex-wrap:wrap;\" ><div class=\"fusion-builder-row fusion-row fusion-flex-align-items-flex-start fusion-flex-content-wrap\" style=\"max-width:1248px;margin-left: calc(-4% \/ 2 );margin-right: calc(-4% \/ 2 );\"><div class=\"fusion-layout-column fusion_builder_column fusion-builder-column-1 fusion_builder_column_3_5 3_5 fusion-flex-column\" style=\"--awb-bg-size:cover;--awb-width-large:60%;--awb-margin-top-large:0px;--awb-spacing-right-large:3.2%;--awb-margin-bottom-large:20px;--awb-spacing-left-large:3.2%;--awb-width-medium:60%;--awb-order-medium:0;--awb-spacing-right-medium:3.2%;--awb-spacing-left-medium:3.2%;--awb-width-small:100%;--awb-order-small:0;--awb-spacing-right-small:1.92%;--awb-spacing-left-small:1.92%;\"><div class=\"fusion-column-wrapper fusion-column-has-shadow fusion-flex-justify-content-flex-start fusion-content-layout-column\"><div class=\"fusion-text fusion-text-2\"><h4>Aino Puukka<\/h4>\n<ul>\n<li>Puutarhuri<\/li>\n<li>Keruutuoteneuvoja (villiyrtti-, sieni- ja marjaneuvoja)<\/li>\n<\/ul>\n<p>Teen pihan ja puutarhan hoito- ja kunnostust\u00f6it\u00e4 sopimuksen mukaan. Saat apua mm. istutusalueiden perustamiseen ja yll\u00e4pitoon, pensaiden ja puiden istutukseen, perennapenkkien hoitoon ja rikkakasvien kitkent\u00e4\u00e4n. Tulen my\u00f6s tekem\u00e4\u00e4n puutarhaneuvontaa paikan p\u00e4\u00e4lle. Tarjoan my\u00f6s puutarhasuunnittelua.<\/p>\n<p>Pid\u00e4n puutarhaan, villiyrtteihin ja luonnonkosmetiikkaan liittyvi\u00e4 kursseja ja luentoja.<\/p>\n<ul>\n<li><a href=\"mailto:aino.puukka@sataosaajat.fi\">aino.puukka@sataosaajat.fi<\/a><\/li>\n<li>puhelin: 050 327 1910<\/li>\n<\/ul>\n<p>Minut tavoittaa parhaiten s\u00e4hk\u00f6postilla tai tekstiviestill\u00e4.<\/p>\n<\/div><div ><a class=\"fusion-button button-flat fusion-button-default-size button-default fusion-button-default button-1 fusion-button-default-span fusion-button-default-type\" target=\"_self\" href=\"mailto:aino.puukka@sataosaajat.fi\"><span class=\"fusion-button-text awb-button__text awb-button__text--default\">Ota yhteytt\u00e4<\/span><\/a><\/div><\/div><\/div><div class=\"fusion-layout-column fusion_builder_column fusion-builder-column-2 fusion_builder_column_2_5 2_5 fusion-flex-column\" style=\"--awb-bg-size:cover;--awb-width-large:40%;--awb-margin-top-large:0px;--awb-spacing-right-large:4.8%;--awb-margin-bottom-large:0px;--awb-spacing-left-large:4.8%;--awb-width-medium:40%;--awb-order-medium:0;--awb-spacing-right-medium:4.8%;--awb-spacing-left-medium:4.8%;--awb-width-small:100%;--awb-order-small:0;--awb-spacing-right-small:1.92%;--awb-spacing-left-small:1.92%;\"><div class=\"fusion-column-wrapper fusion-column-has-shadow fusion-flex-justify-content-flex-start fusion-content-layout-column\"><div class=\"fusion-image-element \" style=\"--awb-caption-title-font-family:var(--h2_typography-font-family);--awb-caption-title-font-weight:var(--h2_typography-font-weight);--awb-caption-title-font-style:var(--h2_typography-font-style);--awb-caption-title-size:var(--h2_typography-font-size);--awb-caption-title-transform:var(--h2_typography-text-transform);--awb-caption-title-line-height:var(--h2_typography-line-height);--awb-caption-title-letter-spacing:var(--h2_typography-letter-spacing);\"><span class=\" fusion-imageframe imageframe-none imageframe-1 hover-type-none\"><img decoding=\"async\" width=\"437\" height=\"600\" title=\"aino\" src=\"https:\/\/sataosaajat.fi\/wp-content\/uploads\/2022\/09\/aino.jpg\" alt class=\"img-responsive wp-image-211\" srcset=\"https:\/\/sataosaajat.fi\/wp-content\/uploads\/2022\/09\/aino-200x275.jpg 200w, https:\/\/sataosaajat.fi\/wp-content\/uploads\/2022\/09\/aino-400x549.jpg 400w, https:\/\/sataosaajat.fi\/wp-content\/uploads\/2022\/09\/aino.jpg 437w\" sizes=\"(max-width: 640px) 100vw, 437px\" \/><\/span><\/div><\/div><\/div><\/div><\/div><\/p>\n","protected":false},"excerpt":{"rendered":"","protected":false},"author":1,"featured_media":0,"parent":0,"menu_order":0,"comment_status":"closed","ping_status":"closed","template":"100-width.php","meta":{"footnotes":""},"class_list":["post-186","page","type-page","status-publish","hentry"],"_links":{"self":[{"href":"https:\/\/sataosaajat.fi\/index.php?rest_route=\/wp\/v2\/pages\/186","targetHints":{"allow":["GET"]}}],"collection":[{"href":"https:\/\/sataosaajat.fi\/index.php?rest_route=\/wp\/v2\/pages"}],"about":[{"href":"https:\/\/sataosaajat.fi\/index.php?rest_route=\/wp\/v2\/types\/page"}],"author":[{"embeddable":true,"href":"https:\/\/sataosaajat.fi\/index.php?rest_route=\/wp\/v2\/users\/1"}],"replies":[{"embeddable":true,"href":"https:\/\/sataosaajat.fi\/index.php?rest_route=%2Fwp%2Fv2%2Fcomments&post=186"}],"version-history":[{"count":10,"href":"https:\/\/sataosaajat.fi\/index.php?rest_route=\/wp\/v2\/pages\/186\/revisions"}],"predecessor-version":[{"id":283,"href":"https:\/\/sataosaajat.fi\/index.php?rest_route=\/wp\/v2\/pages\/186\/revisions\/283"}],"wp:attachment":[{"href":"https:\/\/sataosaajat.fi\/index.php?rest_route=%2Fwp%2Fv2%2Fmedia&parent=186"}],"curies":[{"name":"wp","href":"https:\/\/api.w.org\/{rel}","templated":true}]}}