{"id":79,"date":"2022-09-08T15:37:53","date_gmt":"2022-09-08T15:37:53","guid":{"rendered":"https:\/\/sataosaajat.fi\/?page_id=79"},"modified":"2025-04-29T05:37:45","modified_gmt":"2025-04-29T05:37:45","slug":"sataosaajat-info","status":"publish","type":"page","link":"https:\/\/sataosaajat.fi\/?page_id=79","title":{"rendered":"Sataosaajat &#8211; info"},"content":{"rendered":"<p><div class=\"fusion-fullwidth fullwidth-box fusion-builder-row-1 fusion-flex-container has-pattern-background has-mask-background nonhundred-percent-fullwidth non-hundred-percent-height-scrolling\" style=\"--awb-border-radius-top-left:0px;--awb-border-radius-top-right:0px;--awb-border-radius-bottom-right:0px;--awb-border-radius-bottom-left:0px;--awb-background-color:var(--awb-color4);--awb-flex-wrap:wrap;\" ><div class=\"fusion-builder-row fusion-row fusion-flex-align-items-flex-start fusion-flex-content-wrap\" style=\"max-width:1248px;margin-left: calc(-4% \/ 2 );margin-right: calc(-4% \/ 2 );\"><div class=\"fusion-layout-column fusion_builder_column fusion-builder-column-0 fusion_builder_column_1_1 1_1 fusion-flex-column\" style=\"--awb-bg-size:cover;--awb-width-large:100%;--awb-margin-top-large:6%;--awb-spacing-right-large:1.92%;--awb-margin-bottom-large:6%;--awb-spacing-left-large:1.92%;--awb-width-medium:100%;--awb-order-medium:0;--awb-spacing-right-medium:1.92%;--awb-spacing-left-medium:1.92%;--awb-width-small:100%;--awb-order-small:0;--awb-spacing-right-small:1.92%;--awb-spacing-left-small:1.92%;\"><div class=\"fusion-column-wrapper fusion-column-has-shadow fusion-flex-justify-content-center fusion-content-layout-column\"><div class=\"fusion-text fusion-text-1\"><h4 style=\"text-align: center;\">SATAOSAAJAT \u2013 Osuuskunnan palveluja jo yli 25 vuotta!<\/h4>\n<p class=\"widget-title\" style=\"text-align: center;\">Sataosaajat Osuuskunta, Itsen\u00e4isyydenkatu 42, 28130 PORI, p. 02 633 5095<\/p>\n<\/div><\/div><\/div><\/div><\/div><div class=\"fusion-fullwidth fullwidth-box fusion-builder-row-2 fusion-flex-container has-pattern-background has-mask-background nonhundred-percent-fullwidth non-hundred-percent-height-scrolling\" style=\"--awb-border-radius-top-left:0px;--awb-border-radius-top-right:0px;--awb-border-radius-bottom-right:0px;--awb-border-radius-bottom-left:0px;--awb-margin-top:20px;--awb-flex-wrap:wrap;\" ><div class=\"fusion-builder-row fusion-row fusion-flex-align-items-flex-start fusion-flex-content-wrap\" style=\"max-width:1248px;margin-left: calc(-4% \/ 2 );margin-right: calc(-4% \/ 2 );\"><div class=\"fusion-layout-column fusion_builder_column fusion-builder-column-1 fusion_builder_column_1_2 1_2 fusion-flex-column\" style=\"--awb-bg-size:cover;--awb-width-large:50%;--awb-margin-top-large:0px;--awb-spacing-right-large:3.84%;--awb-margin-bottom-large:20px;--awb-spacing-left-large:3.84%;--awb-width-medium:50%;--awb-order-medium:0;--awb-spacing-right-medium:3.84%;--awb-spacing-left-medium:3.84%;--awb-width-small:100%;--awb-order-small:0;--awb-spacing-right-small:1.92%;--awb-spacing-left-small:1.92%;\"><div class=\"fusion-column-wrapper fusion-column-has-shadow fusion-flex-justify-content-flex-start fusion-content-layout-column\"><div class=\"fusion-text fusion-text-2\"><h4>J\u00e4sentens\u00e4 omistama<\/h4>\n<p>Sataosaajat Osuuskunnalla on yli 25 vuoden kokemus satakuntalaisten yritysten ja yksityisten palvelemisesta. Osuuskunnassa on noin 15 j\u00e4sent\u00e4 ja ty\u00f6ntekij\u00e4\u00e4. Sataosaajat on ty\u00f6osuuskunta, eli se on j\u00e4sentens\u00e4 omistama yritys.<\/p>\n<p>Sataosaajien toimitusjohtaja on Minna Seessalo ja hallituksen puheenjohtaja Anne Keitaanp\u00e4\u00e4.<\/p>\n<div class=\"fusion-text fusion-text-11\">\n<h4>Sinustako SATAOSAAJA?<\/h4>\n<p>Sataosaajat on ty\u00f6osuuskunta, jossa ty\u00f6ntekij\u00e4t voivat aidosti keskitty\u00e4 haluamansa ty\u00f6n tekemiseen ilman ett\u00e4 heid\u00e4t n\u00e4hd\u00e4\u00e4n p\u00e4\u00e4toimisina yritt\u00e4jin\u00e4. Sinun ei tarvitse huolehtia yrityksen ilmoituksista verottajalle, kirjanpidosta, laskuttamisesta ym. hallinnollisista t\u00f6ist\u00e4.<\/p>\n<p>Ty\u00f6skenteleminen Sataosaajissa ei edellyt\u00e4 osuuskuntaan liittymist\u00e4, jolloin siis s\u00e4\u00e4styt mahdollisilta osuuskunnan liittymiskuluilta.<\/p>\n<p>Kyseess\u00e4 on todellinen ty\u00f6suhde eik\u00e4 esim. \u201dkevytyritt\u00e4jyys\u201d, joten ty\u00f6suhteesta kertyy el\u00e4ke ja muutkin ty\u00f6suhteen lakis\u00e4\u00e4teiset velvoitteet on j\u00e4rjestetty. Sinun teht\u00e4v\u00e4ksesi siis j\u00e4\u00e4 vain hoitaa oma ty\u00f6si.<\/p>\n<p>Haluaisitko liitty\u00e4 Sataosaajiin? Ota yhteytt\u00e4 p. 050 342 4201 <a href=\"mailto:minna.seessalo@sataosaajat.fi\">minna.seessalo@sataosaajat.fi<\/a><\/p>\n<\/div>\n<\/div><\/div><\/div><div class=\"fusion-layout-column fusion_builder_column fusion-builder-column-2 fusion_builder_column_1_2 1_2 fusion-flex-column\" style=\"--awb-bg-size:cover;--awb-width-large:50%;--awb-margin-top-large:0px;--awb-spacing-right-large:3.84%;--awb-margin-bottom-large:20px;--awb-spacing-left-large:3.84%;--awb-width-medium:50%;--awb-order-medium:0;--awb-spacing-right-medium:3.84%;--awb-spacing-left-medium:3.84%;--awb-width-small:100%;--awb-order-small:0;--awb-spacing-right-small:1.92%;--awb-spacing-left-small:1.92%;\"><div class=\"fusion-column-wrapper fusion-column-has-shadow fusion-flex-justify-content-flex-start fusion-content-layout-column\"><div class=\"fusion-text fusion-text-3\"><h2>Sataosaajat pyrkii toteuttamaan toiminnassaan seuraavia arvoja:<\/h2>\n<\/div><ul style=\"--awb-line-height:27.2px;--awb-icon-width:27.2px;--awb-icon-height:27.2px;--awb-icon-margin:11.2px;--awb-content-margin:38.4px;--awb-circlecolor:var(--awb-color4);--awb-circle-yes-font-size:14.08px;\" class=\"fusion-checklist fusion-checklist-1 fusion-checklist-default type-icons\"><li class=\"fusion-li-item\" style=\"\"><span class=\"icon-wrapper circle-yes\"><i class=\"fusion-li-icon awb-icon-check\" aria-hidden=\"true\"><\/i><\/span><div class=\"fusion-li-item-content\">\n<h2>Luotettavuus<\/h2>\n<p>Kun Sataosaajien j\u00e4senet lupaavat asiakkaalle tekev\u00e4ns\u00e4 asiakkaan tilaaman palvelun, he sitoutuvat hoitamaan toimeksiannon ammattitaitoisesti ja sovitun aikataulun mukaisesti.<\/p>\n<\/div><\/li><li class=\"fusion-li-item\" style=\"\"><span class=\"icon-wrapper circle-yes\"><i class=\"fusion-li-icon awb-icon-check\" aria-hidden=\"true\"><\/i><\/span><div class=\"fusion-li-item-content\">\n<h2>Asiakasl\u00e4ht\u00f6isyys<\/h2>\n<p>Sataosaajien asiakkaiden tarve ja toivomukset ovat l\u00e4ht\u00f6kohta palvelun toteuttamiselle.<\/p>\n<\/div><\/li><li class=\"fusion-li-item\" style=\"\"><span class=\"icon-wrapper circle-yes\"><i class=\"fusion-li-icon awb-icon-check\" aria-hidden=\"true\"><\/i><\/span><div class=\"fusion-li-item-content\">\n<h2>Halu kehitty\u00e4\/kehitt\u00e4\u00e4<\/h2>\n<p>Sataosaajien j\u00e4senet pit\u00e4v\u00e4t jatkuvasti ammattitaitoaan ajan tasalla. Siihen suunnataan aikaa, resursseja ja tukea.<\/p>\n<\/div><\/li><li class=\"fusion-li-item\" style=\"\"><span class=\"icon-wrapper circle-yes\"><i class=\"fusion-li-icon awb-icon-check\" aria-hidden=\"true\"><\/i><\/span><div class=\"fusion-li-item-content\">\n<h2>Solidaarisuus<\/h2>\n<p>Sataosaajien j\u00e4senet antavat toisilleen apua ja tukea, jotta asiakkaiden palveleminen voidaan toteuttaa parhaalla mahdollisella tavalla.<\/p>\n<\/div><\/li><li class=\"fusion-li-item\" style=\"\"><span class=\"icon-wrapper circle-yes\"><i class=\"fusion-li-icon awb-icon-check\" aria-hidden=\"true\"><\/i><\/span><div class=\"fusion-li-item-content\">\n<h2>Tasa-arvo<\/h2>\n<p>Sataosaajien j\u00e4senet ovat toimialastaan ja teht\u00e4vist\u00e4\u00e4n riippumatta tasa-arvoisia. Heill\u00e4 kaikilla on p\u00e4\u00e4t\u00f6ksenteossa samansuuruinen \u00e4\u00e4nivalta.<\/p>\n<\/div><\/li><\/ul><\/div><\/div><\/div><\/div><\/p>\n","protected":false},"excerpt":{"rendered":"","protected":false},"author":1,"featured_media":0,"parent":0,"menu_order":0,"comment_status":"closed","ping_status":"closed","template":"100-width.php","meta":{"footnotes":""},"class_list":["post-79","page","type-page","status-publish","hentry"],"_links":{"self":[{"href":"https:\/\/sataosaajat.fi\/index.php?rest_route=\/wp\/v2\/pages\/79","targetHints":{"allow":["GET"]}}],"collection":[{"href":"https:\/\/sataosaajat.fi\/index.php?rest_route=\/wp\/v2\/pages"}],"about":[{"href":"https:\/\/sataosaajat.fi\/index.php?rest_route=\/wp\/v2\/types\/page"}],"author":[{"embeddable":true,"href":"https:\/\/sataosaajat.fi\/index.php?rest_route=\/wp\/v2\/users\/1"}],"replies":[{"embeddable":true,"href":"https:\/\/sataosaajat.fi\/index.php?rest_route=%2Fwp%2Fv2%2Fcomments&post=79"}],"version-history":[{"count":13,"href":"https:\/\/sataosaajat.fi\/index.php?rest_route=\/wp\/v2\/pages\/79\/revisions"}],"predecessor-version":[{"id":305,"href":"https:\/\/sataosaajat.fi\/index.php?rest_route=\/wp\/v2\/pages\/79\/revisions\/305"}],"wp:attachment":[{"href":"https:\/\/sataosaajat.fi\/index.php?rest_route=%2Fwp%2Fv2%2Fmedia&parent=79"}],"curies":[{"name":"wp","href":"https:\/\/api.w.org\/{rel}","templated":true}]}}